{"id":399,"date":"2015-09-07T11:43:32","date_gmt":"2015-09-07T10:43:32","guid":{"rendered":"http:\/\/pksharks.com\/?page_id=399"},"modified":"2015-11-16T12:30:59","modified_gmt":"2015-11-16T11:30:59","slug":"video","status":"publish","type":"page","link":"http:\/\/pksharks.com\/index.php\/galerija-video\/video\/","title":{"rendered":"Video"},"content":{"rendered":"<p><iframe loading=\"lazy\" title=\"EKIPNI PEHAR PK SHARKS Tuzla 14.11.2015\" width=\"688\" height=\"387\" src=\"https:\/\/www.youtube.com\/embed\/Ptma8hXHF8E?feature=oembed\" frameborder=\"0\" allow=\"accelerometer; autoplay; clipboard-write; encrypted-media; gyroscope; picture-in-picture; web-share\" referrerpolicy=\"strict-origin-when-cross-origin\" allowfullscreen><\/iframe><\/p>\n<p><iframe loading=\"lazy\" title=\"Tina Tadi\u0107 dodjela pehara Tuzla 14.11.2015\" width=\"688\" height=\"387\" src=\"https:\/\/www.youtube.com\/embed\/gLqyBWECOvo?feature=oembed\" frameborder=\"0\" allow=\"accelerometer; autoplay; clipboard-write; encrypted-media; gyroscope; picture-in-picture; web-share\" referrerpolicy=\"strict-origin-when-cross-origin\" allowfullscreen><\/iframe><\/p>\n<p><iframe loading=\"lazy\" title=\"Tina Tadi\u0107 dr\u017eavni rekord Tuzla - 100m prsno\" width=\"688\" height=\"516\" src=\"https:\/\/www.youtube.com\/embed\/tJrHSQB76ys?feature=oembed\" frameborder=\"0\" allow=\"accelerometer; autoplay; clipboard-write; encrypted-media; gyroscope; picture-in-picture; web-share\" referrerpolicy=\"strict-origin-when-cross-origin\" allowfullscreen><\/iframe><\/p>\n<p><iframe loading=\"lazy\" title=\"Arman Livadi\u0107 dr\u017eavni rekord Tuzla 14.11.2015\" width=\"688\" height=\"387\" src=\"https:\/\/www.youtube.com\/embed\/tpHE0r4ilCs?feature=oembed\" frameborder=\"0\" allow=\"accelerometer; autoplay; clipboard-write; encrypted-media; gyroscope; picture-in-picture; web-share\" referrerpolicy=\"strict-origin-when-cross-origin\" allowfullscreen><\/iframe><\/p>\n<p><iframe loading=\"lazy\" title=\"Arman Livadi\u0107 pehar - Tuzla 14.11.2015\" width=\"688\" height=\"387\" src=\"https:\/\/www.youtube.com\/embed\/8KOiFNuyU-o?feature=oembed\" frameborder=\"0\" allow=\"accelerometer; autoplay; clipboard-write; encrypted-media; gyroscope; picture-in-picture; web-share\" referrerpolicy=\"strict-origin-when-cross-origin\" allowfullscreen><\/iframe><\/p>\n<p><iframe loading=\"lazy\" title=\"AJKULE NA DOBRIM VIBRACIJAMA\" width=\"688\" height=\"387\" src=\"https:\/\/www.youtube.com\/embed\/8NYBTt1K614?feature=oembed\" frameborder=\"0\" allow=\"accelerometer; autoplay; clipboard-write; encrypted-media; gyroscope; picture-in-picture; web-share\" referrerpolicy=\"strict-origin-when-cross-origin\" allowfullscreen><\/iframe><\/p>\n<p><iframe loading=\"lazy\" title=\"TinaTadic oborila dr\u017eavni rekord -zimsko dr\u017eavno prvenstvo\" width=\"688\" height=\"516\" src=\"https:\/\/www.youtube.com\/embed\/d9QgE3LdA6s?feature=oembed\" frameborder=\"0\" allow=\"accelerometer; autoplay; clipboard-write; encrypted-media; gyroscope; picture-in-picture; web-share\" referrerpolicy=\"strict-origin-when-cross-origin\" allowfullscreen><\/iframe><\/p>\n<p><iframe loading=\"lazy\" title=\"Na\u0161a najmla\u0111a pliva\u010dica Mia :)\" width=\"688\" height=\"387\" src=\"https:\/\/www.youtube.com\/embed\/8OZOxfPnQO0?feature=oembed\" frameborder=\"0\" allow=\"accelerometer; autoplay; clipboard-write; encrypted-media; gyroscope; picture-in-picture; web-share\" referrerpolicy=\"strict-origin-when-cross-origin\" allowfullscreen><\/iframe><\/p>\n<p><iframe loading=\"lazy\" title=\"96 MEDALJA 09 04 2015\" width=\"688\" height=\"387\" src=\"https:\/\/www.youtube.com\/embed\/TnDOHqmINxc?feature=oembed\" frameborder=\"0\" allow=\"accelerometer; autoplay; clipboard-write; encrypted-media; gyroscope; picture-in-picture; web-share\" referrerpolicy=\"strict-origin-when-cross-origin\" allowfullscreen><\/iframe><\/p>\n<p><iframe loading=\"lazy\" title=\"TV Alfa - Ovaj put sa trenerom Iman I Arman\" width=\"688\" height=\"387\" src=\"https:\/\/www.youtube.com\/embed\/THO9Q0CSG7U?feature=oembed\" frameborder=\"0\" allow=\"accelerometer; autoplay; clipboard-write; encrypted-media; gyroscope; picture-in-picture; web-share\" referrerpolicy=\"strict-origin-when-cross-origin\" allowfullscreen><\/iframe><\/p>\n<p><iframe loading=\"lazy\" title=\"sharksovci\" width=\"688\" height=\"387\" src=\"https:\/\/www.youtube.com\/embed\/HGEvEucfUx8?feature=oembed\" frameborder=\"0\" allow=\"accelerometer; autoplay; clipboard-write; encrypted-media; gyroscope; picture-in-picture; web-share\" referrerpolicy=\"strict-origin-when-cross-origin\" allowfullscreen><\/iframe><\/p>\n<p><iframe loading=\"lazy\" title=\"Nositeljica 311  medalja Tina Tadi\u0107 u PSS u\" width=\"688\" height=\"387\" src=\"https:\/\/www.youtube.com\/embed\/xhgqv2NcqQQ?feature=oembed\" frameborder=\"0\" allow=\"accelerometer; autoplay; clipboard-write; encrypted-media; gyroscope; picture-in-picture; web-share\" referrerpolicy=\"strict-origin-when-cross-origin\" allowfullscreen><\/iframe><\/p>\n<p><iframe loading=\"lazy\" title=\"A bili smo i na dnevniku :)\" width=\"688\" height=\"387\" src=\"https:\/\/www.youtube.com\/embed\/e1tFAZWYOv8?feature=oembed\" frameborder=\"0\" allow=\"accelerometer; autoplay; clipboard-write; encrypted-media; gyroscope; picture-in-picture; web-share\" referrerpolicy=\"strict-origin-when-cross-origin\" allowfullscreen><\/iframe><\/p>\n<p><iframe loading=\"lazy\" title=\"Obaranje dr\u017eavnog rekorda :) Na\u0161a Tina Tadi\u0107 21.05.2015\" width=\"688\" height=\"516\" src=\"https:\/\/www.youtube.com\/embed\/OnVKYNYQztw?feature=oembed\" frameborder=\"0\" allow=\"accelerometer; autoplay; clipboard-write; encrypted-media; gyroscope; picture-in-picture; web-share\" referrerpolicy=\"strict-origin-when-cross-origin\" allowfullscreen><\/iframe><\/p>\n<p><iframe loading=\"lazy\" title=\"Sharks u slikama\" width=\"688\" height=\"516\" src=\"https:\/\/www.youtube.com\/embed\/WPS3PNpI2cM?feature=oembed\" frameborder=\"0\" allow=\"accelerometer; autoplay; clipboard-write; encrypted-media; gyroscope; picture-in-picture; web-share\" referrerpolicy=\"strict-origin-when-cross-origin\" allowfullscreen><\/iframe><\/p>\n<p><iframe loading=\"lazy\" title=\"NA\u0160 PRVI VIDEO :)\" width=\"688\" height=\"387\" src=\"https:\/\/www.youtube.com\/embed\/TlxZ1AG-hcY?feature=oembed\" frameborder=\"0\" allow=\"accelerometer; autoplay; clipboard-write; encrypted-media; gyroscope; picture-in-picture; web-share\" referrerpolicy=\"strict-origin-when-cross-origin\" allowfullscreen><\/iframe><\/p>\n<p><iframe loading=\"lazy\" title=\"Tv alfa sharks\" width=\"688\" height=\"387\" src=\"https:\/\/www.youtube.com\/embed\/_aCRoSLWy-c?feature=oembed\" frameborder=\"0\" allow=\"accelerometer; autoplay; clipboard-write; encrypted-media; gyroscope; picture-in-picture; web-share\" referrerpolicy=\"strict-origin-when-cross-origin\" allowfullscreen><\/iframe><\/p>\n","protected":false},"excerpt":{"rendered":"","protected":false},"author":1,"featured_media":0,"parent":27,"menu_order":0,"comment_status":"closed","ping_status":"closed","template":"","meta":{"footnotes":""},"class_list":["post-399","page","type-page","status-publish","hentry"],"wppr_data":{"cwp_meta_box_check":"No","cwp_rev_product_name":"","cwp_rev_product_image":"","cwp_image_link":"image","cwp_rev_price":""},"_links":{"self":[{"href":"http:\/\/pksharks.com\/index.php\/wp-json\/wp\/v2\/pages\/399","targetHints":{"allow":["GET"]}}],"collection":[{"href":"http:\/\/pksharks.com\/index.php\/wp-json\/wp\/v2\/pages"}],"about":[{"href":"http:\/\/pksharks.com\/index.php\/wp-json\/wp\/v2\/types\/page"}],"author":[{"embeddable":true,"href":"http:\/\/pksharks.com\/index.php\/wp-json\/wp\/v2\/users\/1"}],"replies":[{"embeddable":true,"href":"http:\/\/pksharks.com\/index.php\/wp-json\/wp\/v2\/comments?post=399"}],"version-history":[{"count":12,"href":"http:\/\/pksharks.com\/index.php\/wp-json\/wp\/v2\/pages\/399\/revisions"}],"predecessor-version":[{"id":1501,"href":"http:\/\/pksharks.com\/index.php\/wp-json\/wp\/v2\/pages\/399\/revisions\/1501"}],"up":[{"embeddable":true,"href":"http:\/\/pksharks.com\/index.php\/wp-json\/wp\/v2\/pages\/27"}],"wp:attachment":[{"href":"http:\/\/pksharks.com\/index.php\/wp-json\/wp\/v2\/media?parent=399"}],"curies":[{"name":"wp","href":"https:\/\/api.w.org\/{rel}","templated":true}]}}