{"id":19,"date":"2015-06-12T12:10:12","date_gmt":"2015-06-12T12:10:12","guid":{"rendered":"http:\/\/pksharks.com\/?page_id=19"},"modified":"2015-09-07T11:46:23","modified_gmt":"2015-09-07T10:46:23","slug":"o-nama","status":"publish","type":"page","link":"https:\/\/pksharks.com\/index.php\/o-nama\/","title":{"rendered":"O NAMA"},"content":{"rendered":"<p>Pliva\u010dki klub\u00a0SHARKS\u00a0osnovan je po\u010detkom 2010. g.<\/p>\n<p>U klubu postoje grupe za sve uzraste: od nepliva\u010da, pliva\u010da po\u010detnika, rekreativaca do takmi\u010darske grupa. Na\u0161i pliva\u010di sudjeluju na raznim pozivnim takmi\u010denjima u BiH kao i\u00a0van\u00a0granica.<\/p>\n<p><em>Od osnivanja, Klub je ostvario mnogo zapa\u017eenih rezultata tako da smo<\/em>\u00a0<em>se<\/em>\u00a0<em>ve\u0107 sa prvih takmi\u010denja vra\u0107ali sa osvojenim medaljama.Sada klub u svojim redovima ima pliva\u010de koji su dr\u017eavni prvaci i dr\u017eavni rekorderi te osvaja\u010di pehara i medalja na presti\u017enim takmi\u010denjima u BiH kao i van granica.<\/em><\/p>\n<p>Treninzi se odr\u017eavaju svakodnevno\u00a0prema satnici grupe u koju je pliva\u010d raspore\u0111en i pod vodstvom trenera i asistenta trenera, na olimpijskom bazenu Otoka u Sarajevu.<\/p>\n<p>Treninge vode profesori i magistri sporta kao i biv\u0161i uspje\u0161ni pliva\u010di dr\u017eavni prvaci i rekorderi.<\/p>\n<p>Pored pliva\u010dkih aktivnosti koje se odvijaju tokom cijele godine, pliva\u010dki klub SHARKS u zimskom periodu organizuje i provodi stru\u010dnu obuku skijanja ,uz organizovan prijevoz cjelodnevnih izleta na olimpijske planinine i u ljetnom periodu ljetovanje i pripreme na moru.<\/p>\n<p>Za prijavu novih \u010dlanova, potrebno je popuniti\u00a0formular on-line <a href=\"http:\/\/pksharks.com\/wp-content\/uploads\/2015\/06\/SHARKS-UPISNICA.pdf\">SHARKS+UPISNICA<\/a><\/p>\n<p><iframe loading=\"lazy\" title=\"PK  sharks\" width=\"688\" height=\"387\" src=\"https:\/\/www.youtube.com\/embed\/nHYuqAkFFDo?feature=oembed\" frameborder=\"0\" allow=\"accelerometer; autoplay; clipboard-write; encrypted-media; gyroscope; picture-in-picture; web-share\" referrerpolicy=\"strict-origin-when-cross-origin\" allowfullscreen><\/iframe><\/p>\n<p>&nbsp;<\/p>\n","protected":false},"excerpt":{"rendered":"<p>Pliva\u010dki klub\u00a0SHARKS\u00a0osnovan je po\u010detkom 2010. g. U klubu postoje grupe za sve uzraste: od nepliva\u010da, pliva\u010da po\u010detnika, rekreativaca do takmi\u010darske&hellip;<\/p>\n","protected":false},"author":1,"featured_media":0,"parent":0,"menu_order":0,"comment_status":"closed","ping_status":"closed","template":"","meta":{"footnotes":""},"class_list":["post-19","page","type-page","status-publish","hentry"],"wppr_data":{"cwp_meta_box_check":"No","cwp_rev_product_name":"","cwp_rev_product_image":"","cwp_image_link":"image","cwp_rev_price":""},"_links":{"self":[{"href":"https:\/\/pksharks.com\/index.php\/wp-json\/wp\/v2\/pages\/19","targetHints":{"allow":["GET"]}}],"collection":[{"href":"https:\/\/pksharks.com\/index.php\/wp-json\/wp\/v2\/pages"}],"about":[{"href":"https:\/\/pksharks.com\/index.php\/wp-json\/wp\/v2\/types\/page"}],"author":[{"embeddable":true,"href":"https:\/\/pksharks.com\/index.php\/wp-json\/wp\/v2\/users\/1"}],"replies":[{"embeddable":true,"href":"https:\/\/pksharks.com\/index.php\/wp-json\/wp\/v2\/comments?post=19"}],"version-history":[{"count":11,"href":"https:\/\/pksharks.com\/index.php\/wp-json\/wp\/v2\/pages\/19\/revisions"}],"predecessor-version":[{"id":408,"href":"https:\/\/pksharks.com\/index.php\/wp-json\/wp\/v2\/pages\/19\/revisions\/408"}],"wp:attachment":[{"href":"https:\/\/pksharks.com\/index.php\/wp-json\/wp\/v2\/media?parent=19"}],"curies":[{"name":"wp","href":"https:\/\/api.w.org\/{rel}","templated":true}]}}