{"id":23,"date":"2015-06-12T12:13:36","date_gmt":"2015-06-12T12:13:36","guid":{"rendered":"http:\/\/pksharks.com\/?page_id=23"},"modified":"2018-11-07T22:10:19","modified_gmt":"2018-11-07T21:10:19","slug":"takmicenja","status":"publish","type":"page","link":"https:\/\/pksharks.com\/index.php\/takmicenja\/","title":{"rendered":"TAKMI\u010cENJA"},"content":{"rendered":"<h5><\/h5>\n<ul>\n<li>\n<h5><strong><em>PREMA ODLUCI UO KLUBA NA SVA TAKMI\u010cENJA TAKMI\u010cARI IDU ISKLJU\u010cIVO S KLUBOM,IZUZEV U SLU\u010cAJEVIMA KAO \u0160TO\u00a0SU REPREZENTATIVNI NASTUPI I SL.<\/em><\/strong><\/h5>\n<\/li>\n<li style=\"text-align: center;\">\n<h5 style=\"text-align: center;\"><strong><a href=\"http:\/\/pksharks.com\/wp-content\/uploads\/2015\/06\/Kalendar-2018.pdf\">KALENDAR TAKMI\u010cENJA ZA 2018 GODINU PLIVA\u010cKOG SAVEZA BiH<\/a><\/strong><\/h5>\n<h5><strong>PLANIRANA TAKMI\u010cENJA U TEKU\u010cOJ GODINI:<\/strong><\/h5>\n<\/li>\n<li>\n<h5><strong><a href=\"https:\/\/plivanje.info\/i-velez-kup-2018-bih\/#more-4706\"><span style=\"color: #00ccff;\">I &#8220;VELE\u017d KUP&#8221; 10.02.2018\u00a0 Propozicije<\/span><\/a><\/strong><\/h5>\n<\/li>\n<li>\n<h5><strong><a href=\"https:\/\/plivanje.info\/montenegro-mimosa-cup-2018-mne\/\"><span style=\"color: #00ccff;\">\u00a0Montenegro Mimosa cup (MNE)\u00a017\/18.02.2018 Propozicije<\/span><\/a><\/strong><\/h5>\n<\/li>\n<li>\n<h5><strong>\u00a0Prvenstvo BiH 9,10 I 11.03.2018<\/strong><\/h5>\n<\/li>\n<li>\n<h5><strong>Propozicije uskoro<\/strong><\/h5>\n<\/li>\n<li>\n<h5><strong>XVII Sarajevu s ljubavlju Sarajevo 31.03. I 04.01.2018<\/strong><\/h5>\n<\/li>\n<li>\n<h5><strong>Propozicije uskoro<\/strong><\/h5>\n<\/li>\n<li>\n<h5><strong>IX ISM 22.april 21 I 22.04.2018<\/strong><\/h5>\n<\/li>\n<li>\n<h5><strong>Propozicije uskoro<\/strong><\/h5>\n<\/li>\n<li>\n<h5><strong>Sarajevo Aquatics Sarajevo 05.12.2018<\/strong><\/h5>\n<\/li>\n<li>\n<h5><strong>IV Aqua cup Sarajevo 26.05.2018<\/strong><\/h5>\n<\/li>\n<li>\n<h5><strong>Prvensvto BiH 8.10.06.2018<\/strong><\/h5>\n<\/li>\n<li>\n<h5><strong>Sr\u0111an i Maksim 16 I 17.06.2018<\/strong><\/h5>\n<\/li>\n<li>\n<h5><strong>II Bambino cup Sarajevo 23.06.2018<\/strong><\/h5>\n<\/li>\n<li>\n<h5><strong>Orka-Arena cup 22.06.2018<\/strong><\/h5>\n<\/li>\n<li>\n<h5><strong>I ljetni Lepbr cup 2018 21.07.2018<\/strong><\/h5>\n<\/li>\n<li>\n<h5><strong>Sharks Kup 2018\u00a0Sarajevo 29.09.2018<\/strong><\/h5>\n<\/li>\n<li>\n<h5><strong>Mladi za Mlade Sarajevo 13. I 14.07.2018<\/strong><\/h5>\n<\/li>\n<li>\n<h5><strong>IV Bosna Piccolo Cup Sarajevo 27.10.2018<\/strong><\/h5>\n<\/li>\n<li>\n<h5><strong>Samir \u0106irak-\u0106iro 10.11.2018<\/strong><\/h5>\n<\/li>\n<li>\n<h5><strong>III Mali Delfini 24.11.2018<\/strong><\/h5>\n<\/li>\n<li>\n<h5><strong>Kup Novi Grad Sarajevo 01.12.2018<\/strong><\/h5>\n<\/li>\n<li>\n<h5><strong>Novogodi\u0161nji mitng 22.12.2018<\/strong><\/h5>\n<\/li>\n<li>\n<h5><strong>OTV.PRV.BiH 29. i 30.12.2018<\/strong><\/h5>\n<\/li>\n<\/ul>\n<h5><strong>Spisak nije kona\u010dan i bit \u0107e dopunjavan s inostranim takmi\u010denjima<\/strong><\/h5>\n","protected":false},"excerpt":{"rendered":"<p>PREMA ODLUCI UO KLUBA NA SVA TAKMI\u010cENJA TAKMI\u010cARI IDU ISKLJU\u010cIVO S KLUBOM,IZUZEV U SLU\u010cAJEVIMA KAO \u0160TO\u00a0SU REPREZENTATIVNI NASTUPI I SL.&hellip;<\/p>\n","protected":false},"author":1,"featured_media":0,"parent":0,"menu_order":2,"comment_status":"closed","ping_status":"closed","template":"","meta":{"footnotes":""},"class_list":["post-23","page","type-page","status-publish","hentry"],"wppr_data":{"cwp_meta_box_check":"No","cwp_rev_product_name":"","cwp_rev_product_image":"","cwp_image_link":"image","cwp_rev_price":""},"_links":{"self":[{"href":"https:\/\/pksharks.com\/index.php\/wp-json\/wp\/v2\/pages\/23","targetHints":{"allow":["GET"]}}],"collection":[{"href":"https:\/\/pksharks.com\/index.php\/wp-json\/wp\/v2\/pages"}],"about":[{"href":"https:\/\/pksharks.com\/index.php\/wp-json\/wp\/v2\/types\/page"}],"author":[{"embeddable":true,"href":"https:\/\/pksharks.com\/index.php\/wp-json\/wp\/v2\/users\/1"}],"replies":[{"embeddable":true,"href":"https:\/\/pksharks.com\/index.php\/wp-json\/wp\/v2\/comments?post=23"}],"version-history":[{"count":19,"href":"https:\/\/pksharks.com\/index.php\/wp-json\/wp\/v2\/pages\/23\/revisions"}],"predecessor-version":[{"id":2740,"href":"https:\/\/pksharks.com\/index.php\/wp-json\/wp\/v2\/pages\/23\/revisions\/2740"}],"wp:attachment":[{"href":"https:\/\/pksharks.com\/index.php\/wp-json\/wp\/v2\/media?parent=23"}],"curies":[{"name":"wp","href":"https:\/\/api.w.org\/{rel}","templated":true}]}}