{"id":25,"date":"2015-06-12T12:13:44","date_gmt":"2015-06-12T12:13:44","guid":{"rendered":"http:\/\/pksharks.com\/?page_id=25"},"modified":"2019-12-18T12:06:30","modified_gmt":"2019-12-18T11:06:30","slug":"skijanje","status":"publish","type":"page","link":"https:\/\/pksharks.com\/index.php\/skijanje\/","title":{"rendered":"SKIJANJE\/BORD"},"content":{"rendered":"<p>Skijanje\/bordanje<\/p>\n<p><strong><em>Obavje\u0161tavamo sve \u010dlanove kluba koji su zainteresirani za \u0161kolu skijanja ili \u017eele popraviti svoju tehniku skijanja,\u00a0 pliva\u010dki klub\u00a0 \u201e<\/em><\/strong><em>Sharks<strong>\u201c i ove godine organizira \u0161kolu skijanja na Bjela\u0161nici i Igmanu. \u0160kola \u0107e se odvijati tijekom januara tj. zimskog \u0161kolskog raspusta.<\/strong><\/em><\/p>\n<p><strong><em>\u0160kola skijanja\u00a0<\/em><\/strong><em>se<strong>\u00a0odvija pod nadzorom licenciranih instruktora skijanja (\u010dlanova ATUS-a BiH) i profesora sporta i tjelesnog odgoja.Vi\u0161e informacija mo\u017eete dobiti na\u00a0 broj telefona 061\/231-761.<\/strong><\/em><\/p>\n<p>NOVO !!! NOVO !!!<\/p>\n<p>Snowboard \u0161kola za po\u010detnike<\/p>\n<p>TERMINI I CIJENE ZA SEZONU 2020<\/p>\n<p>06.01.-10.01.2020 \u0160KOLA SKIJANJA PO\u010cETNICI Igman-baby lift cijena 300KM<\/p>\n<p>06.01.-10.01.2020 \u0160KOLA BORDANJA\u00a0 \u00a0330 KM<\/p>\n<p>13.01-17.01.2020\u00a0 \u0160KOLA SKIJANJA NAPREDNI PO\u010cETNICI Bjela\u0161nica-sidro koljevka cijena 330 KM<\/p>\n<p>20.01-24.01.2020\u00a0 \u0160KOLA SKIJANJA NAPREDNI Bjela\u0161nica \u0161estosjed cijena 330 KM<\/p>\n<p>27.01-31.01.2020\u00a0 \u0160KOLA SKIJANJA NAPREDNI Bjela\u0161nica \u0161estosjed cijena 330 KM<\/p>\n<p>trajanje kursa je 5 dana (ponedeljak\/petak)<\/p>\n<p>boravak na planini od 09:00h do 14:30h<\/p>\n<p>u cijenu ura\u010dunato:<\/p>\n<p>Ski karta,<\/p>\n<p>instruktor,<\/p>\n<p>osiguranje,<\/p>\n<p>u\u017eina\/topli obrok,<\/p>\n<p>prevoz,<\/p>\n<p>skladi\u0161tenje opreme za vrijeme kursa.<\/p>\n","protected":false},"excerpt":{"rendered":"<p>Skijanje\/bordanje Obavje\u0161tavamo sve \u010dlanove kluba koji su zainteresirani za \u0161kolu skijanja ili \u017eele popraviti svoju tehniku skijanja,\u00a0 pliva\u010dki klub\u00a0 \u201eSharks\u201c&hellip;<\/p>\n","protected":false},"author":1,"featured_media":0,"parent":0,"menu_order":4,"comment_status":"closed","ping_status":"closed","template":"","meta":{"footnotes":""},"class_list":["post-25","page","type-page","status-publish","hentry"],"wppr_data":{"cwp_meta_box_check":"No","cwp_rev_product_name":"","cwp_rev_product_image":"","cwp_image_link":"image","cwp_rev_price":""},"_links":{"self":[{"href":"https:\/\/pksharks.com\/index.php\/wp-json\/wp\/v2\/pages\/25","targetHints":{"allow":["GET"]}}],"collection":[{"href":"https:\/\/pksharks.com\/index.php\/wp-json\/wp\/v2\/pages"}],"about":[{"href":"https:\/\/pksharks.com\/index.php\/wp-json\/wp\/v2\/types\/page"}],"author":[{"embeddable":true,"href":"https:\/\/pksharks.com\/index.php\/wp-json\/wp\/v2\/users\/1"}],"replies":[{"embeddable":true,"href":"https:\/\/pksharks.com\/index.php\/wp-json\/wp\/v2\/comments?post=25"}],"version-history":[{"count":12,"href":"https:\/\/pksharks.com\/index.php\/wp-json\/wp\/v2\/pages\/25\/revisions"}],"predecessor-version":[{"id":3061,"href":"https:\/\/pksharks.com\/index.php\/wp-json\/wp\/v2\/pages\/25\/revisions\/3061"}],"wp:attachment":[{"href":"https:\/\/pksharks.com\/index.php\/wp-json\/wp\/v2\/media?parent=25"}],"curies":[{"name":"wp","href":"https:\/\/api.w.org\/{rel}","templated":true}]}}